{"id":150,"date":"2019-02-11T10:57:38","date_gmt":"2019-02-11T10:57:38","guid":{"rendered":"https:\/\/agcolmeias.com\/?page_id=150"},"modified":"2019-03-27T11:37:49","modified_gmt":"2019-03-27T11:37:49","slug":"spo","status":"publish","type":"page","link":"https:\/\/agcolmeias.com\/?page_id=150","title":{"rendered":"SPO &#8211; Servi\u00e7os de Psicologia e Orienta\u00e7\u00e3o"},"content":{"rendered":"\n<div class=\"wp-block-image\"><figure class=\"aligncenter\"><img loading=\"lazy\" decoding=\"async\" width=\"1024\" height=\"745\" src=\"https:\/\/agcolmeias.com\/wp-content\/uploads\/logo_plataformas\/Psicologia-1024x745-1024x745.jpg\" alt=\"\" class=\"wp-image-1277\" srcset=\"https:\/\/agcolmeias.com\/wp-content\/uploads\/logo_plataformas\/Psicologia-1024x745.jpg 1024w, https:\/\/agcolmeias.com\/wp-content\/uploads\/logo_plataformas\/Psicologia-1024x745-300x218.jpg 300w, https:\/\/agcolmeias.com\/wp-content\/uploads\/logo_plataformas\/Psicologia-1024x745-768x559.jpg 768w\" sizes=\"(max-width: 1024px) 100vw, 1024px\" \/><\/figure><\/div>\n\n\n<p style=\"text-align: justify;\">Os psic\u00f3logos t\u00eam, no contexto escolar, um papel fundamental no desenvolvimento de um clima relacional de trabalho positivo que promova o desenvolvimento global harmonioso das crian\u00e7as e jovens. A sua ac\u00e7\u00e3o especializada no trabalho das equipas educativas contribui para que os alunos desenvolvam atitudes positivas face \u00e0 aprendizagem, condi\u00e7\u00e3o de base para o sucesso educativo e para a constru\u00e7\u00e3o de uma escola inclusiva, promotora de melhores aprendizagens para todos os alunos.<\/p>\n<p style=\"text-align: justify;\">A interven\u00e7\u00e3o destes profissionais em contexto escolar contribui para a promo\u00e7\u00e3o do bem-estar dos alunos e de toda a comunidade educativa, abrindo agendas para a melhoria da qualidade da conviv\u00eancia, satisfa\u00e7\u00e3o e capacita\u00e7\u00e3o dos p\u00fablicos escolares e suas fam\u00edlias. Contribui ainda, para o desenvolvimento de compet\u00eancias e valores nos alunos que lhes permitam responder aos desafios cada vez mais multifacetados e complexos da sociedade e \u00e0 imprevisibilidade e exig\u00eancias do mercado de trabalho do s\u00e9culo XXI.<\/p>\n<p style=\"text-align: justify;\">Assim, no \u00e2mbito da sua actua\u00e7\u00e3o, os Servi\u00e7os de Psicologia e Orienta\u00e7\u00e3o:<\/p>\n<p style=\"text-align: justify;\">&#8211; Apoia t\u00e9cnica e cientificamente os profissionais da escola, designadamente na defini\u00e7\u00e3o e operacionaliza\u00e7\u00e3o dos objectivos estrat\u00e9gicos da escola, na tomada de decis\u00f5es pedag\u00f3gicas, na gest\u00e3o e media\u00e7\u00e3o dos recursos internos e externos e na capacita\u00e7\u00e3o dos profissionais;<\/p>\n<p style=\"text-align: justify;\">&#8211; Colabora com as fam\u00edlias e com outros elementos e parceiros da comunidade, designadamente no estabelecimento de parcerias e na capacita\u00e7\u00e3o dos diferentes intervenientes, visando a cria\u00e7\u00e3o de um ambiente de aprendizagem positivo, seguro e saud\u00e1vel, aumentando a possibilidade do envolvimento de todos no processo de tomadas de decis\u00e3o da escola;<\/p>\n<p style=\"text-align: justify;\">&#8211; Avalia e interv\u00e9m no dom\u00ednio psicol\u00f3gico e psicopedag\u00f3gico, propondo medidas e respostas educativas adequadas ao desenvolvimento do aluno, designadamente nas \u00e1reas pessoal, socioemocional, comportamental, acad\u00e9mica, entre outras;<\/p>\n<p style=\"text-align: justify;\">&#8211; Desenha interven\u00e7\u00f5es de orienta\u00e7\u00e3o vocacional de forma a apoiar os alunos no desenvolvimento de estrat\u00e9gias para a gest\u00e3o da forma\u00e7\u00e3o e carreira, e nas transi\u00e7\u00f5es entre e dentro da educa\u00e7\u00e3o e forma\u00e7\u00e3o;<\/p>\n<p style=\"text-align: justify;\">&#8211; Prop\u00f5e, elabora, participa\/coordena e avalia projectos e\/ou actividades programadas no \u00e2mbito do plano de actividades e demais projectos educativos da escola.<\/p>","protected":false},"excerpt":{"rendered":"<p>Os psic\u00f3logos t\u00eam, no contexto escolar, um papel fundamental no desenvolvimento de um clima relacional de trabalho positivo que promova o desenvolvimento global harmonioso das crian\u00e7as e jovens. A sua ac\u00e7\u00e3o especializada no trabalho das equipas educativas contribui para que os alunos desenvolvam atitudes positivas face \u00e0 aprendizagem, condi\u00e7\u00e3o de base para o sucesso educativo [&hellip;]<\/p>\n","protected":false},"author":1,"featured_media":0,"parent":0,"menu_order":0,"comment_status":"closed","ping_status":"closed","template":"","meta":{"footnotes":""},"class_list":["post-150","page","type-page","status-publish","hentry"],"_links":{"self":[{"href":"https:\/\/agcolmeias.com\/index.php?rest_route=\/wp\/v2\/pages\/150","targetHints":{"allow":["GET"]}}],"collection":[{"href":"https:\/\/agcolmeias.com\/index.php?rest_route=\/wp\/v2\/pages"}],"about":[{"href":"https:\/\/agcolmeias.com\/index.php?rest_route=\/wp\/v2\/types\/page"}],"author":[{"embeddable":true,"href":"https:\/\/agcolmeias.com\/index.php?rest_route=\/wp\/v2\/users\/1"}],"replies":[{"embeddable":true,"href":"https:\/\/agcolmeias.com\/index.php?rest_route=%2Fwp%2Fv2%2Fcomments&post=150"}],"version-history":[{"count":4,"href":"https:\/\/agcolmeias.com\/index.php?rest_route=\/wp\/v2\/pages\/150\/revisions"}],"predecessor-version":[{"id":1279,"href":"https:\/\/agcolmeias.com\/index.php?rest_route=\/wp\/v2\/pages\/150\/revisions\/1279"}],"wp:attachment":[{"href":"https:\/\/agcolmeias.com\/index.php?rest_route=%2Fwp%2Fv2%2Fmedia&parent=150"}],"curies":[{"name":"wp","href":"https:\/\/api.w.org\/{rel}","templated":true}]}}