{"id":2417,"date":"2020-10-06T13:41:04","date_gmt":"2020-10-06T13:41:04","guid":{"rendered":"https:\/\/agcolmeias.com\/?page_id=2417"},"modified":"2026-03-03T12:55:33","modified_gmt":"2026-03-03T12:55:33","slug":"biblioteca-documentos-gerais","status":"publish","type":"page","link":"https:\/\/agcolmeias.com\/?page_id=2417","title":{"rendered":"Biblioteca &#8211; Documentos Gerais"},"content":{"rendered":"\n<figure class=\"wp-block-image size-full is-resized\"><a href=\"https:\/\/agcolmeias.com\/?page_id=4779\"><img loading=\"lazy\" decoding=\"async\" width=\"512\" height=\"512\" src=\"https:\/\/agcolmeias.com\/wp-content\/uploads\/voltar_verde-1.png\" alt=\"\" class=\"wp-image-6998\" style=\"width:64px;height:auto\" srcset=\"https:\/\/agcolmeias.com\/wp-content\/uploads\/voltar_verde-1.png 512w, https:\/\/agcolmeias.com\/wp-content\/uploads\/voltar_verde-1-300x300.png 300w, https:\/\/agcolmeias.com\/wp-content\/uploads\/voltar_verde-1-150x150.png 150w\" sizes=\"(max-width: 512px) 100vw, 512px\" \/><\/a><\/figure>\n\n\n<h2>\u00a0<\/h2>\n<h2 style=\"text-align: center;\"><strong>2025-2026<\/strong><\/h2>\n<p><a href=\"https:\/\/agcolmeias.com\/wp-content\/uploads\/PAA_AEColmeias_25_26.pdf\">PAA_AEColmeias_25_26.pdf<\/a><\/p>\n<p><a href=\"https:\/\/agcolmeias.com\/wp-content\/uploads\/Biblioteca\/2025_2026\/plano_melhoria_BE_Bidoeira_2025_2026.pdf\" target=\"_blank\" rel=\"noopener\">Plano de Melhoria BE Bidoeira 25_26<\/a><\/p>\n<h2 style=\"text-align: center;\"><strong>2024\/2025<\/strong><\/h2>\n<p><a href=\"https:\/\/agcolmeias.com\/wp-content\/uploads\/Biblioteca\/2024_2025\/PAA_AEColmeias_24_25.pdf\" target=\"_blank\" rel=\"noopener\">Plano de Atividades das Bibliotecas 2024\/2025<\/a><\/p>\n<p><a href=\"https:\/\/agcolmeias.com\/wp-content\/uploads\/Biblioteca\/2024_2025\/regimento_bibliotecas_AE_Colmeias_final.pdf\" target=\"_blank\" rel=\"noopener\">Regulamento Interno das Bibiotecas do AE Colmeias<\/a><\/p>\n<p><a href=\"https:\/\/agcolmeias.com\/wp-content\/uploads\/Biblioteca\/2024_2025\/cronograma_avaliacao_BE_Bidoeira_24_25.pdf\" target=\"_blank\" rel=\"noopener\">Cronograma de aplica\u00e7\u00e3o da avalia\u00e7\u00e3o da biblioteca da Bidoeira 2024\/2025<\/a><\/p>\n<p><a title=\"Avaliacao_BE_Bidoeira_Julho_2025.pdf\" href=\"https:\/\/agcolmeias.com\/wp-content\/uploads\/relatorio_final_Avaliacao_BE_Bidoeira_Julho_2025.pdf\">Relat\u00f3rio_final_Avaliacao_BE_Bidoeira_Julho_2025.pdf<\/a><\/p>\n<h2 style=\"text-align: center;\"><strong>2023\/2024<\/strong><\/h2>\n<p><a href=\"https:\/\/agcolmeias.com\/wp-content\/uploads\/Biblioteca\/2023_2024\/PAA_AEColmeias_23_24.pdf\" target=\"_blank\" rel=\"noopener\">Plano de Atividades das Bibliotecas 2023\/2024<\/a><\/p>\n<p><a href=\"https:\/\/agcolmeias.com\/wp-content\/uploads\/Biblioteca\/2023_2024\/relatorio_plano_melhoria_BE_Bidoeira_julho_2024.pdf\" target=\"_blank\" rel=\"noopener\">Relat\u00f3rio do Plano de Melhoria da BE da Bidoeira &#8211; julho 2024<\/a><\/p>\n<p><a href=\"https:\/\/agcolmeias.com\/wp-content\/uploads\/Biblioteca\/2023_2024\/plano_melhoria_BE_Bidoeira_dez_2023.pdf\" target=\"_blank\" rel=\"noopener\">Plano de Melhoria da BE da Bidoeira &#8211; dez 2023<\/a><\/p>\n<h2 style=\"text-align: center;\"><strong>2022\/2023<\/strong><\/h2>\n<p><a href=\"https:\/\/agcolmeias.com\/wp-content\/uploads\/Biblioteca\/2022_2023\/documentos\/PAA_AEColmeias_22_23_final.pdf\" target=\"_blank\" rel=\"noopener\">Plano de Atividades das Bibliotecas 2022\/2023<\/a><\/p>\n<h2 style=\"text-align: center;\"><strong>2021\/2022<\/strong><\/h2>\n<p><a href=\"https:\/\/agcolmeias.com\/wp-content\/uploads\/Biblioteca\/2021_2022\/documentos\/relatorio_execucao_plano_melhoria_BE_Colmeias_2021_2022.pdf\" target=\"_blank\" rel=\"noopener\">Relat\u00f3rio de Execu\u00e7\u00e3o do Plano de Atividades &#8211; 2021\/2022<\/a><\/p>\n<p><a href=\"https:\/\/agcolmeias.com\/wp-content\/uploads\/Biblioteca\/2021_2022\/documentos\/plano_melhoria_BE_Colmeias_2021_2022-1.pdf\" target=\"_blank\" rel=\"noopener\">Plano de Melhoria 2021\/2022<\/a><\/p>\n<p>\u00a0 <img loading=\"lazy\" decoding=\"async\" class=\"size-medium wp-image-3261 alignright\" src=\"https:\/\/agcolmeias.com\/wp-content\/uploads\/Biblioteca\/2021_2022\/prioridades-300x109.jpg\" alt=\"\" width=\"300\" height=\"109\" srcset=\"https:\/\/agcolmeias.com\/wp-content\/uploads\/Biblioteca\/2021_2022\/prioridades-300x109.jpg 300w, https:\/\/agcolmeias.com\/wp-content\/uploads\/Biblioteca\/2021_2022\/prioridades-1024x373.jpg 1024w, https:\/\/agcolmeias.com\/wp-content\/uploads\/Biblioteca\/2021_2022\/prioridades-768x280.jpg 768w, https:\/\/agcolmeias.com\/wp-content\/uploads\/Biblioteca\/2021_2022\/prioridades-1536x560.jpg 1536w, https:\/\/agcolmeias.com\/wp-content\/uploads\/Biblioteca\/2021_2022\/prioridades.jpg 1706w\" sizes=\"(max-width: 300px) 100vw, 300px\" \/> \u00a0 \u00a0 \u00a0 \u00a0Conhe\u00e7a aqui as&#8230; \u00a0<a href=\"https:\/\/agcolmeias.com\/wp-content\/uploads\/Biblioteca\/2021_2022\/PAA_prioridades_BE_Colmeias.pdf\">Prioridades do PAA 2021\/2022\u00a0\u00a0<\/a><\/p>\n<h2>\u00a0<\/h2>\n<h2 style=\"text-align: center;\"><strong>2020\/2021<\/strong><\/h2>\n<p><a href=\"https:\/\/agcolmeias.com\/wp-content\/uploads\/Biblioteca\/2021_2022\/relatorio_avaliacao_BE_2020_2021.pdf\">Relat\u00f3rio de avalia\u00e7\u00e3o da BE Colmeias 2020\/2021<\/a><\/p>\n<p style=\"text-align: center;\"><img loading=\"lazy\" decoding=\"async\" class=\"wp-image-2576 aligncenter\" src=\"https:\/\/agcolmeias.com\/wp-content\/uploads\/Biblioteca\/2020_2021\/fotos\/1-300x169.jpg\" alt=\"\" width=\"186\" height=\"105\" srcset=\"https:\/\/agcolmeias.com\/wp-content\/uploads\/Biblioteca\/2020_2021\/fotos\/1-300x169.jpg 300w, https:\/\/agcolmeias.com\/wp-content\/uploads\/Biblioteca\/2020_2021\/fotos\/1-1024x576.jpg 1024w, https:\/\/agcolmeias.com\/wp-content\/uploads\/Biblioteca\/2020_2021\/fotos\/1-768x432.jpg 768w, https:\/\/agcolmeias.com\/wp-content\/uploads\/Biblioteca\/2020_2021\/fotos\/1-1536x864.jpg 1536w, https:\/\/agcolmeias.com\/wp-content\/uploads\/Biblioteca\/2020_2021\/fotos\/1.jpg 1920w\" sizes=\"(max-width: 186px) 100vw, 186px\" \/><\/p>\n<p>Conhe\u00e7a as principais atividades a desenvolver: <a href=\"https:\/\/agcolmeias.com\/wp-content\/uploads\/Biblioteca\/2020_2021\/documentos\/PAA_Bibliotecas_e_aLermais_20_21_final.pdf\" target=\"_blank\" rel=\"noopener noreferrer\">PAA_Bibliotecas_e_aLermais_20_21_final<\/a><\/p>\n<p><img loading=\"lazy\" decoding=\"async\" class=\"alignnone size-medium wp-image-2581\" src=\"https:\/\/agcolmeias.com\/wp-content\/uploads\/Biblioteca\/2020_2021\/fotos\/lotacao-da-biblioteca-212x300.jpg\" alt=\"\" width=\"212\" height=\"300\" srcset=\"https:\/\/agcolmeias.com\/wp-content\/uploads\/Biblioteca\/2020_2021\/fotos\/lotacao-da-biblioteca-212x300.jpg 212w, https:\/\/agcolmeias.com\/wp-content\/uploads\/Biblioteca\/2020_2021\/fotos\/lotacao-da-biblioteca-724x1024.jpg 724w, https:\/\/agcolmeias.com\/wp-content\/uploads\/Biblioteca\/2020_2021\/fotos\/lotacao-da-biblioteca-768x1086.jpg 768w, https:\/\/agcolmeias.com\/wp-content\/uploads\/Biblioteca\/2020_2021\/fotos\/lotacao-da-biblioteca-1086x1536.jpg 1086w, https:\/\/agcolmeias.com\/wp-content\/uploads\/Biblioteca\/2020_2021\/fotos\/lotacao-da-biblioteca-1448x2048.jpg 1448w, https:\/\/agcolmeias.com\/wp-content\/uploads\/Biblioteca\/2020_2021\/fotos\/lotacao-da-biblioteca.jpg 1587w\" sizes=\"(max-width: 212px) 100vw, 212px\" \/> <img loading=\"lazy\" decoding=\"async\" class=\"alignnone size-medium wp-image-2582\" src=\"https:\/\/agcolmeias.com\/wp-content\/uploads\/Biblioteca\/2020_2021\/fotos\/O-que-podes-fazer-na-biblioteca-212x300.jpg\" alt=\"\" width=\"212\" height=\"300\" srcset=\"https:\/\/agcolmeias.com\/wp-content\/uploads\/Biblioteca\/2020_2021\/fotos\/O-que-podes-fazer-na-biblioteca-212x300.jpg 212w, https:\/\/agcolmeias.com\/wp-content\/uploads\/Biblioteca\/2020_2021\/fotos\/O-que-podes-fazer-na-biblioteca-724x1024.jpg 724w, https:\/\/agcolmeias.com\/wp-content\/uploads\/Biblioteca\/2020_2021\/fotos\/O-que-podes-fazer-na-biblioteca-768x1086.jpg 768w, https:\/\/agcolmeias.com\/wp-content\/uploads\/Biblioteca\/2020_2021\/fotos\/O-que-podes-fazer-na-biblioteca-1086x1536.jpg 1086w, https:\/\/agcolmeias.com\/wp-content\/uploads\/Biblioteca\/2020_2021\/fotos\/O-que-podes-fazer-na-biblioteca-1448x2048.jpg 1448w, https:\/\/agcolmeias.com\/wp-content\/uploads\/Biblioteca\/2020_2021\/fotos\/O-que-podes-fazer-na-biblioteca.jpg 1587w\" sizes=\"(max-width: 212px) 100vw, 212px\" \/> <img loading=\"lazy\" decoding=\"async\" class=\"size-medium wp-image-2583 alignleft\" src=\"https:\/\/agcolmeias.com\/wp-content\/uploads\/Biblioteca\/2020_2021\/fotos\/O-que-nao-podes-fazer-na-biblioteca...-212x300.jpg\" alt=\"\" width=\"212\" height=\"300\" srcset=\"https:\/\/agcolmeias.com\/wp-content\/uploads\/Biblioteca\/2020_2021\/fotos\/O-que-nao-podes-fazer-na-biblioteca...-212x300.jpg 212w, https:\/\/agcolmeias.com\/wp-content\/uploads\/Biblioteca\/2020_2021\/fotos\/O-que-nao-podes-fazer-na-biblioteca...-724x1024.jpg 724w, https:\/\/agcolmeias.com\/wp-content\/uploads\/Biblioteca\/2020_2021\/fotos\/O-que-nao-podes-fazer-na-biblioteca...-768x1086.jpg 768w, https:\/\/agcolmeias.com\/wp-content\/uploads\/Biblioteca\/2020_2021\/fotos\/O-que-nao-podes-fazer-na-biblioteca...-1086x1536.jpg 1086w, https:\/\/agcolmeias.com\/wp-content\/uploads\/Biblioteca\/2020_2021\/fotos\/O-que-nao-podes-fazer-na-biblioteca...-1448x2048.jpg 1448w, https:\/\/agcolmeias.com\/wp-content\/uploads\/Biblioteca\/2020_2021\/fotos\/O-que-nao-podes-fazer-na-biblioteca....jpg 1587w\" sizes=\"(max-width: 212px) 100vw, 212px\" \/><\/p>\n<p>Conhe\u00e7a as principais medidas a aplicar nas bibliotecas do Agrupamento em contexto de pandemia: <a href=\"https:\/\/agcolmeias.com\/wp-content\/uploads\/Biblioteca\/2020_2021\/documentos\/Plano-Contingencia-BE-Colmeias-2020.pdf\" target=\"_blank\" rel=\"noopener noreferrer\">Plano Contingencia BE Colmeias 2020<\/a><\/p>\n<p><img loading=\"lazy\" decoding=\"async\" class=\"alignnone size-medium wp-image-2595\" src=\"https:\/\/agcolmeias.com\/wp-content\/uploads\/Biblioteca\/2020_2021\/fotos\/21199497_Mg0Kt-215x300.png\" alt=\"\" width=\"215\" height=\"300\" srcset=\"https:\/\/agcolmeias.com\/wp-content\/uploads\/Biblioteca\/2020_2021\/fotos\/21199497_Mg0Kt-215x300.png 215w, https:\/\/agcolmeias.com\/wp-content\/uploads\/Biblioteca\/2020_2021\/fotos\/21199497_Mg0Kt.png 359w\" sizes=\"(max-width: 215px) 100vw, 215px\" \/><\/p>\n<p>Conhe\u00e7a o Plano de Melhoria elaborado pela equipa da biblioteca em 2019\/2020: <a href=\"https:\/\/agcolmeias.com\/wp-content\/uploads\/Biblioteca\/2020_2021\/documentos\/Plano_de_melhoria_BE_Colmeias_2019_2020.pdf\" target=\"_blank\" rel=\"noopener noreferrer\">Plano_de_melhoria_BE_Colmeias_2019_2020<\/a><\/p>\n<p>Conhe\u00e7a o relat\u00f3rio de avalia\u00e7\u00e3o desse mesmo Plano: <a href=\"https:\/\/agcolmeias.com\/wp-content\/uploads\/Biblioteca\/2020_2021\/documentos\/Plano_de_melhoria_BE_Colmeias_2019_2020.pdf\" target=\"_blank\" rel=\"noopener noreferrer\">Plano_de_melhoria_BE_Colmeias_2019_2020<\/a><\/p>\n\n\n<p><\/p>\n","protected":false},"excerpt":{"rendered":"<p>\u00a0 2025-2026 PAA_AEColmeias_25_26.pdf Plano de Melhoria BE Bidoeira 25_26 2024\/2025 Plano de Atividades das Bibliotecas 2024\/2025 Regulamento Interno das Bibiotecas do AE Colmeias Cronograma de aplica\u00e7\u00e3o da avalia\u00e7\u00e3o da biblioteca da Bidoeira 2024\/2025 Relat\u00f3rio_final_Avaliacao_BE_Bidoeira_Julho_2025.pdf 2023\/2024 Plano de Atividades das Bibliotecas 2023\/2024 Relat\u00f3rio do Plano de Melhoria da BE da Bidoeira &#8211; julho 2024 Plano de [&hellip;]<\/p>\n","protected":false},"author":1,"featured_media":0,"parent":0,"menu_order":0,"comment_status":"closed","ping_status":"closed","template":"","meta":{"footnotes":""},"class_list":["post-2417","page","type-page","status-publish","hentry"],"_links":{"self":[{"href":"https:\/\/agcolmeias.com\/index.php?rest_route=\/wp\/v2\/pages\/2417","targetHints":{"allow":["GET"]}}],"collection":[{"href":"https:\/\/agcolmeias.com\/index.php?rest_route=\/wp\/v2\/pages"}],"about":[{"href":"https:\/\/agcolmeias.com\/index.php?rest_route=\/wp\/v2\/types\/page"}],"author":[{"embeddable":true,"href":"https:\/\/agcolmeias.com\/index.php?rest_route=\/wp\/v2\/users\/1"}],"replies":[{"embeddable":true,"href":"https:\/\/agcolmeias.com\/index.php?rest_route=%2Fwp%2Fv2%2Fcomments&post=2417"}],"version-history":[{"count":32,"href":"https:\/\/agcolmeias.com\/index.php?rest_route=\/wp\/v2\/pages\/2417\/revisions"}],"predecessor-version":[{"id":7302,"href":"https:\/\/agcolmeias.com\/index.php?rest_route=\/wp\/v2\/pages\/2417\/revisions\/7302"}],"wp:attachment":[{"href":"https:\/\/agcolmeias.com\/index.php?rest_route=%2Fwp%2Fv2%2Fmedia&parent=2417"}],"curies":[{"name":"wp","href":"https:\/\/api.w.org\/{rel}","templated":true}]}}