{"id":2883,"date":"2021-03-17T10:44:42","date_gmt":"2021-03-17T10:44:42","guid":{"rendered":"https:\/\/agcolmeias.com\/?page_id=2883"},"modified":"2025-10-27T09:16:15","modified_gmt":"2025-10-27T09:16:15","slug":"biblioteca-equipa","status":"publish","type":"page","link":"https:\/\/agcolmeias.com\/?page_id=2883","title":{"rendered":"Biblioteca &#8211; Equipa"},"content":{"rendered":"\n<figure class=\"wp-block-image size-full is-resized\"><a href=\"https:\/\/agcolmeias.com\/?page_id=4779\"><img loading=\"lazy\" decoding=\"async\" width=\"512\" height=\"512\" src=\"https:\/\/agcolmeias.com\/wp-content\/uploads\/voltar_verde-1.png\" alt=\"\" class=\"wp-image-6998\" style=\"width:69px;height:auto\" srcset=\"https:\/\/agcolmeias.com\/wp-content\/uploads\/voltar_verde-1.png 512w, https:\/\/agcolmeias.com\/wp-content\/uploads\/voltar_verde-1-300x300.png 300w, https:\/\/agcolmeias.com\/wp-content\/uploads\/voltar_verde-1-150x150.png 150w\" sizes=\"(max-width: 512px) 100vw, 512px\" \/><\/a><\/figure>\n\n\n\n<p><strong>ANO LETIVO 2025\/2026<\/strong><\/p>\n\n\n\n<p><strong>Equipa das BE<\/strong><\/p>\n\n\n\n<div class=\"wp-block-columns is-layout-flex wp-container-core-columns-is-layout-9d6595d7 wp-block-columns-is-layout-flex\">\n<div class=\"wp-block-column is-layout-flow wp-block-column-is-layout-flow\" style=\"flex-basis:100%\"><div class=\"wp-block-image\">\n<figure class=\"aligncenter size-large is-resized\"><img loading=\"lazy\" decoding=\"async\" width=\"1024\" height=\"768\" src=\"https:\/\/agcolmeias.com\/wp-content\/uploads\/equipa-BE-1-1024x768.jpg\" alt=\"\" class=\"wp-image-7243\" style=\"width:358px;height:auto\" srcset=\"https:\/\/agcolmeias.com\/wp-content\/uploads\/equipa-BE-1-1024x768.jpg 1024w, https:\/\/agcolmeias.com\/wp-content\/uploads\/equipa-BE-1-300x225.jpg 300w, https:\/\/agcolmeias.com\/wp-content\/uploads\/equipa-BE-1-768x576.jpg 768w, https:\/\/agcolmeias.com\/wp-content\/uploads\/equipa-BE-1-1536x1152.jpg 1536w, https:\/\/agcolmeias.com\/wp-content\/uploads\/equipa-BE-1.jpg 2048w\" sizes=\"(max-width: 1024px) 100vw, 1024px\" \/><\/figure>\n<\/div><\/div>\n<\/div>\n\n\n<ul>\n<li>Adelina Rodrigues &#8211; Professora de 1\u00ba ciclo<\/li>\n<li>Cl\u00e1udia Gomes- Professora do Pr\u00e9-escolar\u00a0<\/li>\n<li>Cl\u00e1udia Mota &#8211; Professora Bibliotec\u00e1ria e de Ingl\u00eas (3\u00ba ciclo)<\/li>\n<li>Esmeralda Caldas &#8211; Assistente Operacional<\/li>\n<li>Filomena Sepodes &#8211; Professora do Pr\u00e9-escolar<\/li>\n<li>H\u00e9lder Carvalho- Professor de EF (3\u00ba ciclo)<\/li>\n<li>Lina Rodrigues &#8211; Assistente Operacional\u00a0&#8211; Professora de Ingl\u00eas (3\u00ba ciclo)<\/li>\n<li>M\u00f3nica Agrela &#8211; Professora de CN e Matem\u00e1tica (2\u00ba ciclo)<\/li>\n<li>Susana Vieira &#8211; Professora do Pr\u00e9-escolar\u00a0<\/li>\n<li>Tisha Jorge &#8211; Professora de Portugu\u00eas e Ingl\u00eas (2\u00ba ciclo)<\/li>\n<\/ul>\n<p><strong>Equipa &#8220;Escola a Ler&#8221;\/aLer+:<\/strong><\/p>\n<p><img loading=\"lazy\" decoding=\"async\" class=\" wp-image-6704 aligncenter\" src=\"https:\/\/agcolmeias.com\/wp-content\/uploads\/equipa_aLer-150x150.jpg\" alt=\"\" width=\"177\" height=\"177\" \/><\/p>\n<ul>\n<li>Cl\u00e1udia Mota &#8211; Professora Bibliotec\u00e1ria e de Ingl\u00eas (3\u00ba ciclo) (coord.)<\/li>\n<li>Bernardete Francisco &#8211; Professora de Portugu\u00eas e Franc\u00eas (3\u00ba ciclo)<\/li>\n<li>T\u00e2nia Febra &#8211; Professora de Portugu\u00eas e Ingl\u00eas (2\u00ba ciclo)<\/li>\n<\/ul>\n<p><strong>Coordenadora do PNL:<\/strong><\/p>\n<ul>\n<li>T\u00e2nia Febra &#8211; Professora de Portugu\u00eas e Ingl\u00eas (2\u00ba ciclo)<\/li>\n<\/ul>\n\n\n<p><\/p>\n","protected":false},"excerpt":{"rendered":"<p>ANO LETIVO 2025\/2026 Equipa das BE Adelina Rodrigues &#8211; Professora de 1\u00ba ciclo Cl\u00e1udia Gomes- Professora do Pr\u00e9-escolar\u00a0 Cl\u00e1udia Mota &#8211; Professora Bibliotec\u00e1ria e de Ingl\u00eas (3\u00ba ciclo) Esmeralda Caldas &#8211; Assistente Operacional Filomena Sepodes &#8211; Professora do Pr\u00e9-escolar H\u00e9lder Carvalho- Professor de EF (3\u00ba ciclo) Lina Rodrigues &#8211; Assistente Operacional\u00a0&#8211; Professora de Ingl\u00eas (3\u00ba [&hellip;]<\/p>\n","protected":false},"author":1,"featured_media":0,"parent":0,"menu_order":0,"comment_status":"closed","ping_status":"closed","template":"","meta":{"footnotes":""},"class_list":["post-2883","page","type-page","status-publish","hentry"],"_links":{"self":[{"href":"https:\/\/agcolmeias.com\/index.php?rest_route=\/wp\/v2\/pages\/2883","targetHints":{"allow":["GET"]}}],"collection":[{"href":"https:\/\/agcolmeias.com\/index.php?rest_route=\/wp\/v2\/pages"}],"about":[{"href":"https:\/\/agcolmeias.com\/index.php?rest_route=\/wp\/v2\/types\/page"}],"author":[{"embeddable":true,"href":"https:\/\/agcolmeias.com\/index.php?rest_route=\/wp\/v2\/users\/1"}],"replies":[{"embeddable":true,"href":"https:\/\/agcolmeias.com\/index.php?rest_route=%2Fwp%2Fv2%2Fcomments&post=2883"}],"version-history":[{"count":13,"href":"https:\/\/agcolmeias.com\/index.php?rest_route=\/wp\/v2\/pages\/2883\/revisions"}],"predecessor-version":[{"id":7244,"href":"https:\/\/agcolmeias.com\/index.php?rest_route=\/wp\/v2\/pages\/2883\/revisions\/7244"}],"wp:attachment":[{"href":"https:\/\/agcolmeias.com\/index.php?rest_route=%2Fwp%2Fv2%2Fmedia&parent=2883"}],"curies":[{"name":"wp","href":"https:\/\/api.w.org\/{rel}","templated":true}]}}