{"id":6113,"date":"2024-09-27T10:10:02","date_gmt":"2024-09-27T10:10:02","guid":{"rendered":"https:\/\/agcolmeias.com\/?page_id=6113"},"modified":"2024-09-27T10:10:02","modified_gmt":"2024-09-27T10:10:02","slug":"ano-letivo-2024-25-2","status":"publish","type":"page","link":"https:\/\/agcolmeias.com\/?page_id=6113","title":{"rendered":"Ano Letivo 2023\/24"},"content":{"rendered":"<h1>\n<h2 style=\"text-align: center;\">Calend\u00e1rio Escolar 24-25<\/h2>\n<\/h1>\n<p><img decoding=\"async\" src=\"\/wp-content\/uploads\/calendario.jpg\" alt=\"\"><\/p>\n<h1>\n<h2 style=\"text-align: center;\">Rece\u00e7\u00e3o aos Alunos e Enc. de Educa\u00e7\u00e3o<\/h2>\n<\/h1>\n<p><img decoding=\"async\" src=\"\/wp-content\/uploads\/rececao-1.jpg\" alt=\"\"><\/p>\n<p><!--more--><br \/>\n<!-- {\"type\":\"layout\",\"children\":[{\"type\":\"section\",\"props\":{\"image_position\":\"center-center\",\"style\":\"default\",\"title_breakpoint\":\"xl\",\"title_position\":\"top-left\",\"title_rotation\":\"left\",\"vertical_align\":\"middle\",\"width\":\"expand\"},\"children\":[{\"type\":\"row\",\"children\":[{\"type\":\"column\",\"props\":{\"image_position\":\"center-center\",\"position_sticky_breakpoint\":\"m\"},\"children\":[{\"type\":\"headline\",\"props\":{\"content\":\"\n\n<h2 style=\\\"text-align: center;\\\">Calend\\u00e1rio Escolar 24-25<\\\/h2>\",\"title_element\":\"h1\"}}]}]},{\"type\":\"row\",\"props\":{\"column_gap\":\"small\"},\"children\":[{\"type\":\"column\",\"props\":{\"image_position\":\"center-center\",\"position_sticky_breakpoint\":\"m\"},\"children\":[{\"type\":\"image\",\"props\":{\"image\":\"wp-content\\\/uploads\\\/calendario.jpg\",\"image_svg_color\":\"emphasis\",\"image_width\":1400,\"margin\":\"default\"}}]}]},{\"type\":\"row\",\"children\":[{\"type\":\"column\",\"props\":{\"image_position\":\"center-center\",\"position_sticky_breakpoint\":\"m\"},\"children\":[{\"type\":\"headline\",\"props\":{\"content\":\"\n\n<h2 style=\\\"text-align: center;\\\">Rece\\u00e7\\u00e3o aos Alunos e Enc. de Educa\\u00e7\\u00e3o<\\\/h2>\",\"title_element\":\"h1\"}}]}]},{\"type\":\"row\",\"children\":[{\"type\":\"column\",\"props\":{\"image_position\":\"center-center\",\"position_sticky_breakpoint\":\"m\"},\"children\":[{\"type\":\"image\",\"props\":{\"image\":\"wp-content\\\/uploads\\\/rececao-1.jpg\",\"image_svg_color\":\"emphasis\",\"image_width\":1400,\"margin\":\"default\"}}]}]}]}],\"version\":\"4.4.7\"} --><\/p>\n","protected":false},"excerpt":{"rendered":"<p>Calend\u00e1rio Escolar 24-25 Rece\u00e7\u00e3o aos Alunos e Enc. de Educa\u00e7\u00e3o<\/p>\n","protected":false},"author":1,"featured_media":0,"parent":0,"menu_order":0,"comment_status":"closed","ping_status":"closed","template":"","meta":{"footnotes":""},"class_list":["post-6113","page","type-page","status-publish","hentry"],"_links":{"self":[{"href":"https:\/\/agcolmeias.com\/index.php?rest_route=\/wp\/v2\/pages\/6113","targetHints":{"allow":["GET"]}}],"collection":[{"href":"https:\/\/agcolmeias.com\/index.php?rest_route=\/wp\/v2\/pages"}],"about":[{"href":"https:\/\/agcolmeias.com\/index.php?rest_route=\/wp\/v2\/types\/page"}],"author":[{"embeddable":true,"href":"https:\/\/agcolmeias.com\/index.php?rest_route=\/wp\/v2\/users\/1"}],"replies":[{"embeddable":true,"href":"https:\/\/agcolmeias.com\/index.php?rest_route=%2Fwp%2Fv2%2Fcomments&post=6113"}],"version-history":[{"count":1,"href":"https:\/\/agcolmeias.com\/index.php?rest_route=\/wp\/v2\/pages\/6113\/revisions"}],"predecessor-version":[{"id":6114,"href":"https:\/\/agcolmeias.com\/index.php?rest_route=\/wp\/v2\/pages\/6113\/revisions\/6114"}],"wp:attachment":[{"href":"https:\/\/agcolmeias.com\/index.php?rest_route=%2Fwp%2Fv2%2Fmedia&parent=6113"}],"curies":[{"name":"wp","href":"https:\/\/api.w.org\/{rel}","templated":true}]}}