{"id":6883,"date":"2025-04-02T08:24:19","date_gmt":"2025-04-02T08:24:19","guid":{"rendered":"https:\/\/agcolmeias.com\/?page_id=6883"},"modified":"2026-03-09T14:38:33","modified_gmt":"2026-03-09T14:38:33","slug":"literacias","status":"publish","type":"page","link":"https:\/\/agcolmeias.com\/?page_id=6883","title":{"rendered":"Literacias"},"content":{"rendered":"\n<figure class=\"wp-block-image size-full is-resized\"><a href=\"https:\/\/agcolmeias.com\/?page_id=4779\"><img loading=\"lazy\" decoding=\"async\" width=\"512\" height=\"512\" src=\"https:\/\/agcolmeias.com\/wp-content\/uploads\/voltar_verde-1.png\" alt=\"\" class=\"wp-image-6998\" style=\"width:87px;height:auto\" srcset=\"https:\/\/agcolmeias.com\/wp-content\/uploads\/voltar_verde-1.png 512w, https:\/\/agcolmeias.com\/wp-content\/uploads\/voltar_verde-1-300x300.png 300w, https:\/\/agcolmeias.com\/wp-content\/uploads\/voltar_verde-1-150x150.png 150w\" sizes=\"(max-width: 512px) 100vw, 512px\" \/><\/a><\/figure>\n\n\n\n<h2 class=\"wp-block-heading\"><strong>TOP + do Estudo<\/strong><\/h2>\n\n\n\n<div class=\"wp-block-buttons is-layout-flex wp-block-buttons-is-layout-flex\">\n<div class=\"wp-block-button\"><a class=\"wp-block-button__link wp-element-button\" href=\"https:\/\/agcolmeias.com\/wp-content\/uploads\/Biblioteca\/2024_2025\/topmais_do_estudo_biblioteca_versao_11_03_2024.ppsx\" target=\"_blank\" rel=\"noreferrer noopener\"><mark style=\"background-color:rgba(0, 0, 0, 0)\" class=\"has-inline-color has-white-color\">Top+mais do estudo &#8211; download<\/mark><\/a><\/div>\n<\/div>\n\n\n\n<h2 class=\"wp-block-heading\"><strong>Atividade com revista Vis\u00e3o J\u00fanior<\/strong><\/h2>\n\n\n\n<div class=\"wp-block-columns is-layout-flex wp-container-core-columns-is-layout-9d6595d7 wp-block-columns-is-layout-flex\">\n<div class=\"wp-block-column is-layout-flow wp-block-column-is-layout-flow\">\n<div class=\"wp-block-buttons is-layout-flex wp-block-buttons-is-layout-flex\">\n<div class=\"wp-block-button is-style-fill\"><a class=\"wp-block-button__link wp-element-button\" href=\"https:\/\/agcolmeias.com\/wp-content\/uploads\/Biblioteca\/literacia-1.pdf\" target=\"_blank\" rel=\"noreferrer noopener\">Literacia<\/a><\/div>\n<\/div>\n<\/div>\n\n\n\n<div class=\"wp-block-column is-layout-flow wp-block-column-is-layout-flow\">\n<div class=\"wp-block-buttons is-layout-flex wp-block-buttons-is-layout-flex\">\n<div class=\"wp-block-button\"><a class=\"wp-block-button__link wp-element-button\" href=\"https:\/\/agcolmeias.com\/wp-content\/uploads\/Biblioteca\/questionario_revista_visao_junior_novembro-1.doc\" target=\"_blank\" rel=\"noreferrer noopener\">Question\u00e1rio<\/a><\/div>\n<\/div>\n<\/div>\n\n\n\n<div class=\"wp-block-column is-layout-flow wp-block-column-is-layout-flow\">\n<div class=\"wp-block-buttons is-layout-flex wp-block-buttons-is-layout-flex\">\n<div class=\"wp-block-button\"><a class=\"wp-block-button__link wp-element-button\" href=\"https:\/\/agcolmeias.com\/wp-content\/uploads\/Biblioteca\/folha-de-resposta_visaoJunior-2.pdf\">Folha de respostas<\/a><\/div>\n<\/div>\n<\/div>\n<\/div>\n\n\n\n<h2 class=\"wp-block-heading\"><strong>Wakelet<\/strong><\/h2>\n\n\n\n<div class=\"wp-block-buttons is-layout-flex wp-block-buttons-is-layout-flex\">\n<div class=\"wp-block-button\"><a class=\"wp-block-button__link wp-element-button\" href=\"https:\/\/wakelet.com\/wake\/4dugPJeoerzA9918_vhc-\" target=\"_blank\" rel=\"noopener\">Abrir<\/a><\/div>\n<\/div>\n\n\n\n<blockquote class=\"wp-block-quote is-layout-flow wp-block-quote-is-layout-flow\">\n<h2 class=\"wp-block-heading\"><strong>Gui\u00f5es de apoio ao estudo<\/strong><\/h2>\n<\/blockquote>\n\n\n\n<div class=\"wp-block-buttons is-layout-flex wp-block-buttons-is-layout-flex\">\n<div class=\"wp-block-button\"><a class=\"wp-block-button__link wp-element-button\">Gui\u00f5es<\/a><\/div>\n<\/div>\n\n\n\n<h2 class=\"wp-block-heading\"><strong>Cartazes<\/strong><\/h2>\n\n\n\n<div class=\"wp-block-buttons is-layout-flex wp-block-buttons-is-layout-flex\">\n<div class=\"wp-block-button\"><a class=\"wp-block-button__link wp-element-button\">Cartazes<\/a><\/div>\n<\/div>\n","protected":false},"excerpt":{"rendered":"<p>TOP + do Estudo Atividade com revista Vis\u00e3o J\u00fanior Wakelet Gui\u00f5es de apoio ao estudo Cartazes<\/p>\n","protected":false},"author":2,"featured_media":0,"parent":0,"menu_order":0,"comment_status":"closed","ping_status":"closed","template":"","meta":{"footnotes":""},"class_list":["post-6883","page","type-page","status-publish","hentry"],"_links":{"self":[{"href":"https:\/\/agcolmeias.com\/index.php?rest_route=\/wp\/v2\/pages\/6883","targetHints":{"allow":["GET"]}}],"collection":[{"href":"https:\/\/agcolmeias.com\/index.php?rest_route=\/wp\/v2\/pages"}],"about":[{"href":"https:\/\/agcolmeias.com\/index.php?rest_route=\/wp\/v2\/types\/page"}],"author":[{"embeddable":true,"href":"https:\/\/agcolmeias.com\/index.php?rest_route=\/wp\/v2\/users\/2"}],"replies":[{"embeddable":true,"href":"https:\/\/agcolmeias.com\/index.php?rest_route=%2Fwp%2Fv2%2Fcomments&post=6883"}],"version-history":[{"count":23,"href":"https:\/\/agcolmeias.com\/index.php?rest_route=\/wp\/v2\/pages\/6883\/revisions"}],"predecessor-version":[{"id":7247,"href":"https:\/\/agcolmeias.com\/index.php?rest_route=\/wp\/v2\/pages\/6883\/revisions\/7247"}],"wp:attachment":[{"href":"https:\/\/agcolmeias.com\/index.php?rest_route=%2Fwp%2Fv2%2Fmedia&parent=6883"}],"curies":[{"name":"wp","href":"https:\/\/api.w.org\/{rel}","templated":true}]}}